{"id":1709,"date":"2024-10-30T13:42:14","date_gmt":"2024-10-30T16:42:14","guid":{"rendered":"https:\/\/www.franzoi.com.br\/?page_id=1709"},"modified":"2024-11-01T09:38:58","modified_gmt":"2024-11-01T12:38:58","slug":"categoria-dos-produtos","status":"publish","type":"page","link":"https:\/\/www.franzoi.com.br\/es\/categoria-dos-produtos\/","title":{"rendered":"Categor\u00eda de Productos"},"content":{"rendered":"\t\t<div data-elementor-type=\"wp-page\" data-elementor-id=\"1709\" class=\"elementor elementor-1709\" data-elementor-post-type=\"page\">\n\t\t\t\t<div class=\"elementor-element elementor-element-3c480ba e-con-full e-flex e-con e-parent\" data-id=\"3c480ba\" data-element_type=\"container\" data-settings=\"{&quot;jet_parallax_layout_list&quot;:[],&quot;background_background&quot;:&quot;classic&quot;}\">\n\t\t\t\t<div class=\"elementor-element elementor-element-2e4f68d elementor-widget elementor-widget-heading\" data-id=\"2e4f68d\" data-element_type=\"widget\" data-widget_type=\"heading.default\">\n\t\t\t\t\t<h2 class=\"elementor-heading-title elementor-size-default\">Categoria dos Produtos<\/h2>\t\t\t\t<\/div>\n\t\t\t\t<\/div>\n\t\t<div class=\"elementor-element elementor-element-0307385 e-flex e-con-boxed e-con e-parent\" data-id=\"0307385\" data-element_type=\"container\" data-settings=\"{&quot;jet_parallax_layout_list&quot;:[]}\">\n\t\t\t\t\t<div class=\"e-con-inner\">\n\t\t\t\t<div class=\"elementor-element elementor-element-bc63e3b elementor-widget elementor-widget-jet-listing-grid\" data-id=\"bc63e3b\" data-element_type=\"widget\" data-settings=\"{&quot;columns&quot;:&quot;3&quot;,&quot;columns_tablet_extra&quot;:&quot;2&quot;,&quot;columns_mobile&quot;:&quot;1&quot;}\" data-widget_type=\"jet-listing-grid.default\">\n\t\t\t\t<div class=\"elementor-widget-container\">\n\t\t\t\t\t<div class=\"jet-listing-grid jet-listing\"><div class=\"jet-listing-grid__items grid-col-desk-3 grid-col-tablet-3 grid-col-mobile-1 jet-listing-grid--1695 jet-equal-columns__wrapper grid-collapse-gap\" data-queried-id=\"1709|WP_Post\" data-nav=\"{&quot;enabled&quot;:false,&quot;type&quot;:null,&quot;more_el&quot;:null,&quot;query&quot;:[],&quot;widget_settings&quot;:{&quot;lisitng_id&quot;:1695,&quot;posts_num&quot;:6,&quot;columns&quot;:3,&quot;columns_tablet&quot;:3,&quot;columns_mobile&quot;:1,&quot;is_archive_template&quot;:&quot;&quot;,&quot;post_status&quot;:[&quot;publish&quot;],&quot;use_random_posts_num&quot;:&quot;&quot;,&quot;max_posts_num&quot;:9,&quot;not_found_message&quot;:&quot;No data was found&quot;,&quot;is_masonry&quot;:false,&quot;equal_columns_height&quot;:&quot;yes&quot;,&quot;use_load_more&quot;:&quot;&quot;,&quot;load_more_id&quot;:&quot;&quot;,&quot;load_more_type&quot;:&quot;click&quot;,&quot;load_more_offset&quot;:{&quot;unit&quot;:&quot;px&quot;,&quot;size&quot;:0,&quot;sizes&quot;:[]},&quot;use_custom_post_types&quot;:&quot;&quot;,&quot;custom_post_types&quot;:[],&quot;hide_widget_if&quot;:&quot;&quot;,&quot;carousel_enabled&quot;:&quot;&quot;,&quot;slides_to_scroll&quot;:&quot;1&quot;,&quot;arrows&quot;:&quot;true&quot;,&quot;arrow_icon&quot;:&quot;fa fa-angle-left&quot;,&quot;dots&quot;:&quot;&quot;,&quot;autoplay&quot;:&quot;true&quot;,&quot;pause_on_hover&quot;:&quot;true&quot;,&quot;autoplay_speed&quot;:5000,&quot;infinite&quot;:&quot;true&quot;,&quot;center_mode&quot;:&quot;&quot;,&quot;effect&quot;:&quot;slide&quot;,&quot;speed&quot;:500,&quot;inject_alternative_items&quot;:&quot;&quot;,&quot;injection_items&quot;:[],&quot;scroll_slider_enabled&quot;:&quot;&quot;,&quot;scroll_slider_on&quot;:[&quot;desktop&quot;,&quot;tablet&quot;,&quot;mobile&quot;],&quot;custom_query&quot;:false,&quot;custom_query_id&quot;:&quot;8&quot;,&quot;_element_id&quot;:&quot;&quot;,&quot;collapse_first_last_gap&quot;:&quot;true&quot;,&quot;list_items_wrapper_tag&quot;:&quot;div&quot;,&quot;list_item_tag&quot;:&quot;div&quot;,&quot;empty_items_wrapper_tag&quot;:&quot;div&quot;}}\" data-page=\"1\" data-pages=\"1\" data-listing-source=\"query\" data-listing-id=\"1695\" data-query-id=\"23\"><div class=\"jet-listing-grid__item jet-listing-dynamic-post-45 jet-equal-columns\" data-post-id=\"45\" >\t\t<div data-elementor-type=\"jet-listing-items\" data-elementor-id=\"1695\" class=\"elementor elementor-1695\" data-elementor-post-type=\"jet-engine\">\n\t\t\t\t<div class=\"elementor-element elementor-element-6441e91 e-flex e-con-boxed e-con e-parent\" data-id=\"6441e91\" data-element_type=\"container\" data-settings=\"{&quot;jet_parallax_layout_list&quot;:[]}\">\n\t\t\t\t\t<div class=\"e-con-inner\">\n\t\t\t\t<div class=\"elementor-element elementor-element-63ff7be elementor-cta--skin-cover elementor-cta--valign-middle elementor-bg-transform elementor-bg-transform-zoom-out elementor-animated-content elementor-widget elementor-widget-call-to-action\" data-id=\"63ff7be\" data-element_type=\"widget\" data-widget_type=\"call-to-action.default\">\n\t\t\t\t\t\t\t<div class=\"elementor-cta\">\n\t\t\t\t\t<div class=\"elementor-cta__bg-wrapper\">\n\t\t\t\t<div class=\"elementor-cta__bg elementor-bg\" style=\"background-image: url(https:\/\/www.franzoi.com.br\/wp-content\/uploads\/2024\/11\/Site-Franzoi-800-x-800-px-2.png);\" role=\"img\" aria-label=\"Site Franzoi (800 x 800 px) (2)\"><\/div>\n\t\t\t\t<div class=\"elementor-cta__bg-overlay\"><\/div>\n\t\t\t<\/div>\n\t\t\t\t\t\t\t<div class=\"elementor-cta__content\">\n\t\t\t\t\n\t\t\t\t\t\t\t\t\t<h2 class=\"elementor-cta__title elementor-cta__content-item elementor-content-item elementor-animated-item--grow\">\n\t\t\t\t\t\tSERRARIAS\t\t\t\t\t<\/h2>\n\t\t\t\t\n\t\t\t\t\n\t\t\t\t\t\t\t\t\t<div class=\"elementor-cta__button-wrapper elementor-cta__content-item elementor-content-item elementor-animated-item--grow\">\n\t\t\t\t\t<a class=\"elementor-cta__button elementor-button elementor-size-\" href=\"https:\/\/www.franzoi.com.br\/es\/?taxonomy=categorias-produtos&#038;term=serrarias\">\n\t\t\t\t\t\tCONFERIR PRODUTOS\t\t\t\t\t<\/a>\n\t\t\t\t\t<\/div>\n\t\t\t\t\t\t\t<\/div>\n\t\t\t\t\t\t<\/div>\n\t\t\t\t\t\t<\/div>\n\t\t\t\t\t<\/div>\n\t\t\t\t<\/div>\n\t\t\t\t<\/div>\n\t\t<\/div><div class=\"jet-listing-grid__item jet-listing-dynamic-post-48 jet-equal-columns\" data-post-id=\"48\" >\t\t<div data-elementor-type=\"jet-listing-items\" data-elementor-id=\"1695\" class=\"elementor elementor-1695\" data-elementor-post-type=\"jet-engine\">\n\t\t\t\t<div class=\"elementor-element elementor-element-6441e91 e-flex e-con-boxed e-con e-parent\" data-id=\"6441e91\" data-element_type=\"container\" data-settings=\"{&quot;jet_parallax_layout_list&quot;:[]}\">\n\t\t\t\t\t<div class=\"e-con-inner\">\n\t\t\t\t<div class=\"elementor-element elementor-element-63ff7be elementor-cta--skin-cover elementor-cta--valign-middle elementor-bg-transform elementor-bg-transform-zoom-out elementor-animated-content elementor-widget elementor-widget-call-to-action\" data-id=\"63ff7be\" data-element_type=\"widget\" data-widget_type=\"call-to-action.default\">\n\t\t\t\t\t\t\t<div class=\"elementor-cta\">\n\t\t\t\t\t<div class=\"elementor-cta__bg-wrapper\">\n\t\t\t\t<div class=\"elementor-cta__bg elementor-bg\" style=\"background-image: url(https:\/\/www.franzoi.com.br\/wp-content\/uploads\/2025\/04\/serras-linha-moveleira-franzoi-ferramentas.png);\" role=\"img\" aria-label=\"serras linha moveleira franzoi ferramentas\"><\/div>\n\t\t\t\t<div class=\"elementor-cta__bg-overlay\"><\/div>\n\t\t\t<\/div>\n\t\t\t\t\t\t\t<div class=\"elementor-cta__content\">\n\t\t\t\t\n\t\t\t\t\t\t\t\t\t<h2 class=\"elementor-cta__title elementor-cta__content-item elementor-content-item elementor-animated-item--grow\">\n\t\t\t\t\t\tLINHA MOVELEIRA\t\t\t\t\t<\/h2>\n\t\t\t\t\n\t\t\t\t\n\t\t\t\t\t\t\t\t\t<div class=\"elementor-cta__button-wrapper elementor-cta__content-item elementor-content-item elementor-animated-item--grow\">\n\t\t\t\t\t<a class=\"elementor-cta__button elementor-button elementor-size-\" href=\"https:\/\/www.franzoi.com.br\/es\/?taxonomy=categorias-produtos&#038;term=linha-moveleira\">\n\t\t\t\t\t\tCONFERIR PRODUTOS\t\t\t\t\t<\/a>\n\t\t\t\t\t<\/div>\n\t\t\t\t\t\t\t<\/div>\n\t\t\t\t\t\t<\/div>\n\t\t\t\t\t\t<\/div>\n\t\t\t\t\t<\/div>\n\t\t\t\t<\/div>\n\t\t\t\t<\/div>\n\t\t<\/div><div class=\"jet-listing-grid__item jet-listing-dynamic-post-44 jet-equal-columns\" data-post-id=\"44\" >\t\t<div data-elementor-type=\"jet-listing-items\" data-elementor-id=\"1695\" class=\"elementor elementor-1695\" data-elementor-post-type=\"jet-engine\">\n\t\t\t\t<div class=\"elementor-element elementor-element-6441e91 e-flex e-con-boxed e-con e-parent\" data-id=\"6441e91\" data-element_type=\"container\" data-settings=\"{&quot;jet_parallax_layout_list&quot;:[]}\">\n\t\t\t\t\t<div class=\"e-con-inner\">\n\t\t\t\t<div class=\"elementor-element elementor-element-63ff7be elementor-cta--skin-cover elementor-cta--valign-middle elementor-bg-transform elementor-bg-transform-zoom-out elementor-animated-content elementor-widget elementor-widget-call-to-action\" data-id=\"63ff7be\" data-element_type=\"widget\" data-widget_type=\"call-to-action.default\">\n\t\t\t\t\t\t\t<div class=\"elementor-cta\">\n\t\t\t\t\t<div class=\"elementor-cta__bg-wrapper\">\n\t\t\t\t<div class=\"elementor-cta__bg elementor-bg\" style=\"background-image: url(https:\/\/www.franzoi.com.br\/wp-content\/uploads\/2024\/11\/Site-Franzoi-800-x-800-px-4.png);\" role=\"img\" aria-label=\"Site Franzoi (800 x 800 px) (4)\"><\/div>\n\t\t\t\t<div class=\"elementor-cta__bg-overlay\"><\/div>\n\t\t\t<\/div>\n\t\t\t\t\t\t\t<div class=\"elementor-cta__content\">\n\t\t\t\t\n\t\t\t\t\t\t\t\t\t<h2 class=\"elementor-cta__title elementor-cta__content-item elementor-content-item elementor-animated-item--grow\">\n\t\t\t\t\t\tALUM\u00cdNIO \/ POL\u00cdMEROS \/ PL\u00c1STICOS\t\t\t\t\t<\/h2>\n\t\t\t\t\n\t\t\t\t\n\t\t\t\t\t\t\t\t\t<div class=\"elementor-cta__button-wrapper elementor-cta__content-item elementor-content-item elementor-animated-item--grow\">\n\t\t\t\t\t<a class=\"elementor-cta__button elementor-button elementor-size-\" href=\"https:\/\/www.franzoi.com.br\/es\/?taxonomy=categorias-produtos&#038;term=aluminio-polimeros-plasticos\">\n\t\t\t\t\t\tCONFERIR PRODUTOS\t\t\t\t\t<\/a>\n\t\t\t\t\t<\/div>\n\t\t\t\t\t\t\t<\/div>\n\t\t\t\t\t\t<\/div>\n\t\t\t\t\t\t<\/div>\n\t\t\t\t\t<\/div>\n\t\t\t\t<\/div>\n\t\t\t\t<\/div>\n\t\t<\/div><div class=\"jet-listing-grid__item jet-listing-dynamic-post-46 jet-equal-columns\" data-post-id=\"46\" >\t\t<div data-elementor-type=\"jet-listing-items\" data-elementor-id=\"1695\" class=\"elementor elementor-1695\" data-elementor-post-type=\"jet-engine\">\n\t\t\t\t<div class=\"elementor-element elementor-element-6441e91 e-flex e-con-boxed e-con e-parent\" data-id=\"6441e91\" data-element_type=\"container\" data-settings=\"{&quot;jet_parallax_layout_list&quot;:[]}\">\n\t\t\t\t\t<div class=\"e-con-inner\">\n\t\t\t\t<div class=\"elementor-element elementor-element-63ff7be elementor-cta--skin-cover elementor-cta--valign-middle elementor-bg-transform elementor-bg-transform-zoom-out elementor-animated-content elementor-widget elementor-widget-call-to-action\" data-id=\"63ff7be\" data-element_type=\"widget\" data-widget_type=\"call-to-action.default\">\n\t\t\t\t\t\t\t<div class=\"elementor-cta\">\n\t\t\t\t\t<div class=\"elementor-cta__bg-wrapper\">\n\t\t\t\t<div class=\"elementor-cta__bg elementor-bg\" style=\"background-image: url(https:\/\/www.franzoi.com.br\/wp-content\/uploads\/2024\/11\/Site-Franzoi-800-x-800-px-7.png);\" role=\"img\" aria-label=\"Site Franzoi (800 x 800 px) (7)\"><\/div>\n\t\t\t\t<div class=\"elementor-cta__bg-overlay\"><\/div>\n\t\t\t<\/div>\n\t\t\t\t\t\t\t<div class=\"elementor-cta__content\">\n\t\t\t\t\n\t\t\t\t\t\t\t\t\t<h2 class=\"elementor-cta__title elementor-cta__content-item elementor-content-item elementor-animated-item--grow\">\n\t\t\t\t\t\tNAVALHAS E CONTRA NAVALHAS\t\t\t\t\t<\/h2>\n\t\t\t\t\n\t\t\t\t\n\t\t\t\t\t\t\t\t\t<div class=\"elementor-cta__button-wrapper elementor-cta__content-item elementor-content-item elementor-animated-item--grow\">\n\t\t\t\t\t<a class=\"elementor-cta__button elementor-button elementor-size-\" href=\"https:\/\/www.franzoi.com.br\/es\/?taxonomy=categorias-produtos&#038;term=faca-de-picador-e-contra-faca\">\n\t\t\t\t\t\tCONFERIR PRODUTOS\t\t\t\t\t<\/a>\n\t\t\t\t\t<\/div>\n\t\t\t\t\t\t\t<\/div>\n\t\t\t\t\t\t<\/div>\n\t\t\t\t\t\t<\/div>\n\t\t\t\t\t<\/div>\n\t\t\t\t<\/div>\n\t\t\t\t<\/div>\n\t\t<\/div><div class=\"jet-listing-grid__item jet-listing-dynamic-post-52 jet-equal-columns\" data-post-id=\"52\" >\t\t<div data-elementor-type=\"jet-listing-items\" data-elementor-id=\"1695\" class=\"elementor elementor-1695\" data-elementor-post-type=\"jet-engine\">\n\t\t\t\t<div class=\"elementor-element elementor-element-6441e91 e-flex e-con-boxed e-con e-parent\" data-id=\"6441e91\" data-element_type=\"container\" data-settings=\"{&quot;jet_parallax_layout_list&quot;:[]}\">\n\t\t\t\t\t<div class=\"e-con-inner\">\n\t\t\t\t<div class=\"elementor-element elementor-element-63ff7be elementor-cta--skin-cover elementor-cta--valign-middle elementor-bg-transform elementor-bg-transform-zoom-out elementor-animated-content elementor-widget elementor-widget-call-to-action\" data-id=\"63ff7be\" data-element_type=\"widget\" data-widget_type=\"call-to-action.default\">\n\t\t\t\t\t\t\t<div class=\"elementor-cta\">\n\t\t\t\t\t<div class=\"elementor-cta__bg-wrapper\">\n\t\t\t\t<div class=\"elementor-cta__bg elementor-bg\" style=\"background-image: url(https:\/\/www.franzoi.com.br\/wp-content\/uploads\/2024\/11\/Site-Franzoi-800-x-800-px-9.png);\" role=\"img\" aria-label=\"Site Franzoi (800 x 800 px) (9)\"><\/div>\n\t\t\t\t<div class=\"elementor-cta__bg-overlay\"><\/div>\n\t\t\t<\/div>\n\t\t\t\t\t\t\t<div class=\"elementor-cta__content\">\n\t\t\t\t\n\t\t\t\t\t\t\t\t\t<h2 class=\"elementor-cta__title elementor-cta__content-item elementor-content-item elementor-animated-item--grow\">\n\t\t\t\t\t\tAFIA\u00c7\u00c3O E LAMINA\u00c7\u00c3O\t\t\t\t\t<\/h2>\n\t\t\t\t\n\t\t\t\t\n\t\t\t\t\t\t\t\t\t<div class=\"elementor-cta__button-wrapper elementor-cta__content-item elementor-content-item elementor-animated-item--grow\">\n\t\t\t\t\t<a class=\"elementor-cta__button elementor-button elementor-size-\" href=\"https:\/\/www.franzoi.com.br\/es\/?taxonomy=categorias-produtos&#038;term=rebolos-soldas-maquinas-fluidos\">\n\t\t\t\t\t\tCONFERIR PRODUTOS\t\t\t\t\t<\/a>\n\t\t\t\t\t<\/div>\n\t\t\t\t\t\t\t<\/div>\n\t\t\t\t\t\t<\/div>\n\t\t\t\t\t\t<\/div>\n\t\t\t\t\t<\/div>\n\t\t\t\t<\/div>\n\t\t\t\t<\/div>\n\t\t<\/div><div class=\"jet-listing-grid__item jet-listing-dynamic-post-51 jet-equal-columns\" data-post-id=\"51\" >\t\t<div data-elementor-type=\"jet-listing-items\" data-elementor-id=\"1695\" class=\"elementor elementor-1695\" data-elementor-post-type=\"jet-engine\">\n\t\t\t\t<div class=\"elementor-element elementor-element-6441e91 e-flex e-con-boxed e-con e-parent\" data-id=\"6441e91\" data-element_type=\"container\" data-settings=\"{&quot;jet_parallax_layout_list&quot;:[]}\">\n\t\t\t\t\t<div class=\"e-con-inner\">\n\t\t\t\t<div class=\"elementor-element elementor-element-63ff7be elementor-cta--skin-cover elementor-cta--valign-middle elementor-bg-transform elementor-bg-transform-zoom-out elementor-animated-content elementor-widget elementor-widget-call-to-action\" data-id=\"63ff7be\" data-element_type=\"widget\" data-widget_type=\"call-to-action.default\">\n\t\t\t\t\t\t\t<div class=\"elementor-cta\">\n\t\t\t\t\t<div class=\"elementor-cta__bg-wrapper\">\n\t\t\t\t<div class=\"elementor-cta__bg elementor-bg\" style=\"background-image: url(https:\/\/www.franzoi.com.br\/wp-content\/uploads\/2024\/11\/Site-Franzoi-800-x-800-px-11.png);\" role=\"img\" aria-label=\"Site Franzoi (800 x 800 px) (11)\"><\/div>\n\t\t\t\t<div class=\"elementor-cta__bg-overlay\"><\/div>\n\t\t\t<\/div>\n\t\t\t\t\t\t\t<div class=\"elementor-cta__content\">\n\t\t\t\t\n\t\t\t\t\t\t\t\t\t<h2 class=\"elementor-cta__title elementor-cta__content-item elementor-content-item elementor-animated-item--grow\">\n\t\t\t\t\t\tM\u00c1QUINAS PARA AFIA\u00c7\u00c3O\t\t\t\t\t<\/h2>\n\t\t\t\t\n\t\t\t\t\n\t\t\t\t\t\t\t\t\t<div class=\"elementor-cta__button-wrapper elementor-cta__content-item elementor-content-item elementor-animated-item--grow\">\n\t\t\t\t\t<a class=\"elementor-cta__button elementor-button elementor-size-\" href=\"https:\/\/www.franzoi.com.br\/es\/?taxonomy=categorias-produtos&#038;term=maquinas-para-afiacao-de-serras-e-facas-de-picador\">\n\t\t\t\t\t\tCONFERIR PRODUTOS\t\t\t\t\t<\/a>\n\t\t\t\t\t<\/div>\n\t\t\t\t\t\t\t<\/div>\n\t\t\t\t\t\t<\/div>\n\t\t\t\t\t\t<\/div>\n\t\t\t\t\t<\/div>\n\t\t\t\t<\/div>\n\t\t\t\t<\/div>\n\t\t<\/div><\/div><\/div>\t\t\t\t<\/div>\n\t\t\t\t<\/div>\n\t\t\t\t\t<\/div>\n\t\t\t\t<\/div>\n\t\t\t\t<\/div>\n\t\t","protected":false},"excerpt":{"rendered":"<p>Categoria dos Produtos CONFERIR PRODUTOS CONFERIR PRODUTOS CONFERIR PRODUTOS CONFERIR PRODUTOS CONFERIR PRODUTOS<\/p>","protected":false},"author":1,"featured_media":0,"parent":0,"menu_order":0,"comment_status":"closed","ping_status":"closed","template":"","meta":{"site-sidebar-layout":"no-sidebar","site-content-layout":"","ast-site-content-layout":"full-width-container","site-content-style":"default","site-sidebar-style":"default","ast-global-header-display":"","ast-banner-title-visibility":"","ast-main-header-display":"","ast-hfb-above-header-display":"","ast-hfb-below-header-display":"","ast-hfb-mobile-header-display":"","site-post-title":"disabled","ast-breadcrumbs-content":"","ast-featured-img":"disabled","footer-sml-layout":"","theme-transparent-header-meta":"default","adv-header-id-meta":"","stick-header-meta":"","header-above-stick-meta":"","header-main-stick-meta":"","header-below-stick-meta":"","astra-migrate-meta-layouts":"set","ast-page-background-enabled":"default","ast-page-background-meta":{"desktop":{"background-color":"var(--ast-global-color-4)","background-image":"","background-repeat":"repeat","background-position":"center center","background-size":"auto","background-attachment":"scroll","background-type":"","background-media":"","overlay-type":"","overlay-color":"","overlay-opacity":"","overlay-gradient":""},"tablet":{"background-color":"","background-image":"","background-repeat":"repeat","background-position":"center center","background-size":"auto","background-attachment":"scroll","background-type":"","background-media":"","overlay-type":"","overlay-color":"","overlay-opacity":"","overlay-gradient":""},"mobile":{"background-color":"","background-image":"","background-repeat":"repeat","background-position":"center center","background-size":"auto","background-attachment":"scroll","background-type":"","background-media":"","overlay-type":"","overlay-color":"","overlay-opacity":"","overlay-gradient":""}},"ast-content-background-meta":{"desktop":{"background-color":"var(--ast-global-color-5)","background-image":"","background-repeat":"repeat","background-position":"center center","background-size":"auto","background-attachment":"scroll","background-type":"","background-media":"","overlay-type":"","overlay-color":"","overlay-opacity":"","overlay-gradient":""},"tablet":{"background-color":"var(--ast-global-color-5)","background-image":"","background-repeat":"repeat","background-position":"center center","background-size":"auto","background-attachment":"scroll","background-type":"","background-media":"","overlay-type":"","overlay-color":"","overlay-opacity":"","overlay-gradient":""},"mobile":{"background-color":"var(--ast-global-color-5)","background-image":"","background-repeat":"repeat","background-position":"center center","background-size":"auto","background-attachment":"scroll","background-type":"","background-media":"","overlay-type":"","overlay-color":"","overlay-opacity":"","overlay-gradient":""}},"footnotes":""},"class_list":["post-1709","page","type-page","status-publish","hentry"],"yoast_head":"<!-- This site is optimized with the Yoast SEO Premium plugin v25.8 (Yoast SEO v25.8) - https:\/\/yoast.com\/wordpress\/plugins\/seo\/ -->\n<title>Categoria dos Produtos - Franzoi Ferramentas<\/title>\n<meta name=\"robots\" content=\"index, follow, max-snippet:-1, max-image-preview:large, max-video-preview:-1\" \/>\n<link rel=\"canonical\" href=\"https:\/\/www.franzoi.com.br\/es\/categoria-dos-produtos\/\" \/>\n<meta property=\"og:locale\" content=\"es_ES\" \/>\n<meta property=\"og:type\" content=\"article\" \/>\n<meta property=\"og:title\" content=\"Categoria dos Produtos\" \/>\n<meta property=\"og:description\" content=\"Categoria dos Produtos CONFERIR PRODUTOS CONFERIR PRODUTOS CONFERIR PRODUTOS CONFERIR PRODUTOS CONFERIR PRODUTOS\" \/>\n<meta property=\"og:url\" content=\"https:\/\/www.franzoi.com.br\/es\/categoria-dos-produtos\/\" \/>\n<meta property=\"og:site_name\" content=\"Franzoi Ferramentas\" \/>\n<meta property=\"article:publisher\" content=\"https:\/\/www.facebook.com\/franzoiferramentas\" \/>\n<meta property=\"article:modified_time\" content=\"2024-11-01T12:38:58+00:00\" \/>\n<meta name=\"twitter:card\" content=\"summary_large_image\" \/>\n<meta name=\"twitter:label1\" content=\"Tiempo de lectura\" \/>\n\t<meta name=\"twitter:data1\" content=\"1 minuto\" \/>\n<script type=\"application\/ld+json\" class=\"yoast-schema-graph\">{\"@context\":\"https:\/\/schema.org\",\"@graph\":[{\"@type\":\"WebPage\",\"@id\":\"https:\/\/www.franzoi.com.br\/categoria-dos-produtos\/\",\"url\":\"https:\/\/www.franzoi.com.br\/categoria-dos-produtos\/\",\"name\":\"Categoria dos Produtos - Franzoi Ferramentas\",\"isPartOf\":{\"@id\":\"https:\/\/www.franzoi.com.br\/pt-br\/#website\"},\"datePublished\":\"2024-10-30T16:42:14+00:00\",\"dateModified\":\"2024-11-01T12:38:58+00:00\",\"breadcrumb\":{\"@id\":\"https:\/\/www.franzoi.com.br\/categoria-dos-produtos\/#breadcrumb\"},\"inLanguage\":\"es\",\"potentialAction\":[{\"@type\":\"ReadAction\",\"target\":[\"https:\/\/www.franzoi.com.br\/categoria-dos-produtos\/\"]}]},{\"@type\":\"BreadcrumbList\",\"@id\":\"https:\/\/www.franzoi.com.br\/categoria-dos-produtos\/#breadcrumb\",\"itemListElement\":[{\"@type\":\"ListItem\",\"position\":1,\"name\":\"In\u00edcio\",\"item\":\"https:\/\/www.franzoi.com.br\/\"},{\"@type\":\"ListItem\",\"position\":2,\"name\":\"Categoria dos Produtos\"}]},{\"@type\":\"WebSite\",\"@id\":\"https:\/\/www.franzoi.com.br\/pt-br\/#website\",\"url\":\"https:\/\/www.franzoi.com.br\/pt-br\/\",\"name\":\"Franzoi Ferramentas\",\"description\":\"Ind\u00fastria e Com\u00e9rcio\",\"publisher\":{\"@id\":\"https:\/\/www.franzoi.com.br\/pt-br\/#organization\"},\"potentialAction\":[{\"@type\":\"SearchAction\",\"target\":{\"@type\":\"EntryPoint\",\"urlTemplate\":\"https:\/\/www.franzoi.com.br\/pt-br\/?s={search_term_string}\"},\"query-input\":{\"@type\":\"PropertyValueSpecification\",\"valueRequired\":true,\"valueName\":\"search_term_string\"}}],\"inLanguage\":\"es\"},{\"@type\":\"Organization\",\"@id\":\"https:\/\/www.franzoi.com.br\/pt-br\/#organization\",\"name\":\"Franzoi Ferramentas\",\"url\":\"https:\/\/www.franzoi.com.br\/pt-br\/\",\"logo\":{\"@type\":\"ImageObject\",\"inLanguage\":\"es\",\"@id\":\"https:\/\/www.franzoi.com.br\/pt-br\/#\/schema\/logo\/image\/\",\"url\":\"https:\/\/www.franzoi.com.br\/wp-content\/uploads\/2024\/10\/grupo-2-at-2x-671a540a05653.webp\",\"contentUrl\":\"https:\/\/www.franzoi.com.br\/wp-content\/uploads\/2024\/10\/grupo-2-at-2x-671a540a05653.webp\",\"width\":316,\"height\":76,\"caption\":\"Franzoi Ferramentas\"},\"image\":{\"@id\":\"https:\/\/www.franzoi.com.br\/pt-br\/#\/schema\/logo\/image\/\"},\"sameAs\":[\"https:\/\/www.facebook.com\/franzoiferramentas\",\"https:\/\/www.instagram.com\/franzoiferramentas\/\",\"https:\/\/www.linkedin.com\/company\/franzoiferramentas\/\",\"https:\/\/www.youtube.com\/channel\/UCA_87Gy7jdI4WQZ-iFKMUtg\"]}]}<\/script>\n<!-- \/ Yoast SEO Premium plugin. -->","yoast_head_json":{"title":"Categoria dos Produtos - Franzoi Ferramentas","robots":{"index":"index","follow":"follow","max-snippet":"max-snippet:-1","max-image-preview":"max-image-preview:large","max-video-preview":"max-video-preview:-1"},"canonical":"https:\/\/www.franzoi.com.br\/es\/categoria-dos-produtos\/","og_locale":"es_ES","og_type":"article","og_title":"Categoria dos Produtos","og_description":"Categoria dos Produtos CONFERIR PRODUTOS CONFERIR PRODUTOS CONFERIR PRODUTOS CONFERIR PRODUTOS CONFERIR PRODUTOS","og_url":"https:\/\/www.franzoi.com.br\/es\/categoria-dos-produtos\/","og_site_name":"Franzoi Ferramentas","article_publisher":"https:\/\/www.facebook.com\/franzoiferramentas","article_modified_time":"2024-11-01T12:38:58+00:00","twitter_card":"summary_large_image","twitter_misc":{"Tiempo de lectura":"1 minuto"},"schema":{"@context":"https:\/\/schema.org","@graph":[{"@type":"WebPage","@id":"https:\/\/www.franzoi.com.br\/categoria-dos-produtos\/","url":"https:\/\/www.franzoi.com.br\/categoria-dos-produtos\/","name":"Categoria dos Produtos - Franzoi Ferramentas","isPartOf":{"@id":"https:\/\/www.franzoi.com.br\/pt-br\/#website"},"datePublished":"2024-10-30T16:42:14+00:00","dateModified":"2024-11-01T12:38:58+00:00","breadcrumb":{"@id":"https:\/\/www.franzoi.com.br\/categoria-dos-produtos\/#breadcrumb"},"inLanguage":"es","potentialAction":[{"@type":"ReadAction","target":["https:\/\/www.franzoi.com.br\/categoria-dos-produtos\/"]}]},{"@type":"BreadcrumbList","@id":"https:\/\/www.franzoi.com.br\/categoria-dos-produtos\/#breadcrumb","itemListElement":[{"@type":"ListItem","position":1,"name":"In\u00edcio","item":"https:\/\/www.franzoi.com.br\/"},{"@type":"ListItem","position":2,"name":"Categoria dos Produtos"}]},{"@type":"WebSite","@id":"https:\/\/www.franzoi.com.br\/pt-br\/#website","url":"https:\/\/www.franzoi.com.br\/pt-br\/","name":"Franzoi Herramientas","description":"Ind\u00fastria e Com\u00e9rcio","publisher":{"@id":"https:\/\/www.franzoi.com.br\/pt-br\/#organization"},"potentialAction":[{"@type":"SearchAction","target":{"@type":"EntryPoint","urlTemplate":"https:\/\/www.franzoi.com.br\/pt-br\/?s={search_term_string}"},"query-input":{"@type":"PropertyValueSpecification","valueRequired":true,"valueName":"search_term_string"}}],"inLanguage":"es"},{"@type":"Organization","@id":"https:\/\/www.franzoi.com.br\/pt-br\/#organization","name":"Franzoi Herramientas","url":"https:\/\/www.franzoi.com.br\/pt-br\/","logo":{"@type":"ImageObject","inLanguage":"es","@id":"https:\/\/www.franzoi.com.br\/pt-br\/#\/schema\/logo\/image\/","url":"https:\/\/www.franzoi.com.br\/wp-content\/uploads\/2024\/10\/grupo-2-at-2x-671a540a05653.webp","contentUrl":"https:\/\/www.franzoi.com.br\/wp-content\/uploads\/2024\/10\/grupo-2-at-2x-671a540a05653.webp","width":316,"height":76,"caption":"Franzoi Ferramentas"},"image":{"@id":"https:\/\/www.franzoi.com.br\/pt-br\/#\/schema\/logo\/image\/"},"sameAs":["https:\/\/www.facebook.com\/franzoiferramentas","https:\/\/www.instagram.com\/franzoiferramentas\/","https:\/\/www.linkedin.com\/company\/franzoiferramentas\/","https:\/\/www.youtube.com\/channel\/UCA_87Gy7jdI4WQZ-iFKMUtg"]}]}},"_links":{"self":[{"href":"https:\/\/www.franzoi.com.br\/es\/wp-json\/wp\/v2\/pages\/1709","targetHints":{"allow":["GET"]}}],"collection":[{"href":"https:\/\/www.franzoi.com.br\/es\/wp-json\/wp\/v2\/pages"}],"about":[{"href":"https:\/\/www.franzoi.com.br\/es\/wp-json\/wp\/v2\/types\/page"}],"author":[{"embeddable":true,"href":"https:\/\/www.franzoi.com.br\/es\/wp-json\/wp\/v2\/users\/1"}],"replies":[{"embeddable":true,"href":"https:\/\/www.franzoi.com.br\/es\/wp-json\/wp\/v2\/comments?post=1709"}],"version-history":[{"count":5,"href":"https:\/\/www.franzoi.com.br\/es\/wp-json\/wp\/v2\/pages\/1709\/revisions"}],"predecessor-version":[{"id":2852,"href":"https:\/\/www.franzoi.com.br\/es\/wp-json\/wp\/v2\/pages\/1709\/revisions\/2852"}],"wp:attachment":[{"href":"https:\/\/www.franzoi.com.br\/es\/wp-json\/wp\/v2\/media?parent=1709"}],"curies":[{"name":"wp","href":"https:\/\/api.w.org\/{rel}","templated":true}]}}