{"id":3115,"date":"2024-11-08T12:14:15","date_gmt":"2024-11-08T15:14:15","guid":{"rendered":"https:\/\/www.franzoi.com.br\/?page_id=3115"},"modified":"2024-11-08T12:18:20","modified_gmt":"2024-11-08T15:18:20","slug":"politica-de-cordialidade","status":"publish","type":"page","link":"https:\/\/www.franzoi.com.br\/es\/politica-de-cordialidade\/","title":{"rendered":"La Pol\u00edtica de Trato"},"content":{"rendered":"<p>Refer\u00eancias gerais e dados de contato LGPD<\/p>\n<p>Data da \u00faltima atualiza\u00e7\u00e3o: 13 de fevereiro de 2023<\/p>\n<p>Canal de Comunica\u00e7\u00e3o do Usu\u00e1rio:\u00a0<a href=\"mailto:lgpd@franzoi.com.br\">lgpd@franzoi.com.br<\/a><\/p>\n<p>Encarregado da Prote\u00e7\u00e3o Privacidade e Dados Pessoais: Luiz Fernando Del Rio Horn<\/p>\n<p>Canal de Comunica\u00e7\u00e3o com o Encarregado:\u00a0<a href=\"mailto:encarregado@actatechlaw.com.br\">encarregado@actatechlaw.com.br<\/a><\/p>\n<p>&nbsp;<\/p>\n<p>&nbsp;<\/p>\n<p>Declara\u00e7\u00e3o de Compromisso com a Privacidade e com a Prote\u00e7\u00e3o dos Dados Pessoais<\/p>\n<p>&nbsp;<\/p>\n<p>A Franzoi Ferramentas deseja a voc\u00ea, nosso usu\u00e1rio, uma \u00f3tima experi\u00eancia de contato com nossos canais de comunica\u00e7\u00e3o, produtos ou servi\u00e7os, sempre baseada na percep\u00e7\u00e3o de respeito, transpar\u00eancia, autonomia, seguran\u00e7a, satisfa\u00e7\u00e3o e alegria. Nossas a\u00e7\u00f5es sempre ir\u00e3o priorizar o resguardo da sua privacidade em todas as etapas da rela\u00e7\u00e3o, n\u00e3o importando os tipos de meios, marcas, produtos e servi\u00e7os por n\u00f3s disponibilizados. Sempre iremos considerar os seus dados pessoais, identificados ou identific\u00e1veis, como uma prioridade a ser resguardada na nossa organiza\u00e7\u00e3o.<\/p>\n<p>Estes s\u00e3o os valores condizentes com a nossa Pol\u00edtica de Privacidade, alinhada as mais relevantes leis informacionais pelo mundo, da qual sentimos muito orgulho e convidamos que a conhe\u00e7a, condi\u00e7\u00e3o para permanecer navegando no nosso website face \u00e0s atividades de tratamento de dados pessoais envolvidas. Em igual medida, disponibilizamos para voc\u00ea, nosso usu\u00e1rio, o Termo de Uso do Website e a Pol\u00edtica de Cookies.<\/p>\n<p>A nossa Pol\u00edtica de Cordialidade obedece a esses crit\u00e9rios maiores, integrando esse documento que se ocupa das informa\u00e7\u00f5es relativas ao tratamento de dados pessoais, inclusive no tocante aos seus direitos. Recomendamos a voc\u00ea usu\u00e1rio, titular de dados pessoais, que conhe\u00e7a, mais abaixo, os termos adotados quando se trata das formas de comportamento para a excel\u00eancia das rela\u00e7\u00f5es humanas.<\/p>\n<p>1. Declara\u00e7\u00e3o de compromisso com as boas pr\u00e1ticas de cordialidade<\/p>\n<p>Na Franzoi Ferramentas temos como compromisso primordial o tratamento de todos os usu\u00e1rios, titulares de dados pessoais ou n\u00e3o, com respeito, civilidade, considera\u00e7\u00e3o e gentileza, independente das opini\u00f5es opostas ou diferentes, cren\u00e7as, posi\u00e7\u00f5es e conclus\u00f5es. Assumimos a premissa de que todos as pessoas podem contribuir para que os meios de intera\u00e7\u00e3o sejam espa\u00e7os para crescimento individual e coletivo, locais para constru\u00e7\u00e3o de solu\u00e7\u00f5es a partir da diverg\u00eancia. Acreditamos que somos todos respons\u00e1veis pela cria\u00e7\u00e3o e manuten\u00e7\u00e3o de uma comunidade respeitosa, uma tarefa vi\u00e1vel quando reconhecidos os pr\u00f3prios limites e as necessidades do outro.<\/p>\n<p>2. Ataque a pessoas ou a conte\u00fados<\/p>\n<p>Ataques pessoais n\u00e3o s\u00e3o permitidos no website da Franzoi Ferramentas, mesmo que n\u00e3o sejam desrespeitosos ou sejam direcionados ao conte\u00fado do publicador. As pessoas devem se pautar pela cordialidade e civilidade, sempre primando pelo respeito absoluto na hip\u00f3tese da discord\u00e2ncia. Portanto, resta terminantemente proibido:<\/p>\n<p>Atacar ou depreciar outras pessoas em raz\u00e3o de opini\u00e3o ou manifesta\u00e7\u00e3o igualmente respeitosa;<\/p>\n<p>Disparar dados pessoais de terceiros desprovidos de base legal, atentat\u00f3rios \u00e0 moral ou \u00e0 legisla\u00e7\u00e3o;<\/p>\n<p>Proferir coment\u00e1rios ou material atentat\u00f3rio contra origem racial ou \u00e9tnica, convic\u00e7\u00e3o religiosa, opini\u00e3o pol\u00edtica, filia\u00e7\u00e3o a sindicato ou a organiza\u00e7\u00e3o de car\u00e1ter religioso, filos\u00f3fico ou pol\u00edtico, dado referente \u00e0 sa\u00fade ou \u00e0 vida sexual, dado gen\u00e9tico ou biom\u00e9trico, quando vinculado a uma pessoa;<\/p>\n<p>Referir-se ao conte\u00fado alheio de forma depreciativa, insultante ou desprovida de respeito;<\/p>\n<p>Assediar outros usu\u00e1rios dos canais de intera\u00e7\u00e3o e comunica\u00e7\u00e3o.<\/p>\n<p>Entendemos que esses tipos de comportamento n\u00e3o agregam valor e tampouco conhecimento, al\u00e9m de inibirem e\/ou impedirem que outras pessoas contribuam com sua participa\u00e7\u00e3o \u00fatil e diversificada para a constru\u00e7\u00e3o de um ambiente, comunidade e sociedade melhor.<\/p>\n<p>3. Intera\u00e7\u00e3o entre pessoas<\/p>\n<p>Considerando que a intera\u00e7\u00e3o entre pessoas desconhecidas seja comumente desprovida de empatia, \u00e9 necess\u00e1rio que se mantenha qualquer tipo de rela\u00e7\u00e3o em um alto n\u00edvel de educa\u00e7\u00e3o e cordialidade, diferente de conversas mantidas em redes sociais de grupos fechados ou em rodas mais \u00edntimas. Ser respeitoso e gentil implica assegurar que os seus coment\u00e1rios\/respostas n\u00e3o ir\u00e3o desrespeitar, desencorajar ou intimidar outras pessoas.<\/p>\n<p>Incentivamos o debate e as opini\u00f5es discordantes sempre que necess\u00e1rio, por\u00e9m \u00e9 imprescind\u00edvel que se agregue valor ao conte\u00fado debatido, sempre com vistas \u00e0 solu\u00e7\u00e3o e pacifica\u00e7\u00e3o das rela\u00e7\u00f5es sociais. O problema n\u00e3o repousa na discord\u00e2ncia para com o outro, mas na forma com que se expressa essa posi\u00e7\u00e3o oposta, sempre carecedora de respeito, cordialidade e educa\u00e7\u00e3o.<\/p>\n<p>Constituem exemplos de comportamento violadores da presente Pol\u00edtica de Cordialidade:<\/p>\n<p>Ataques pessoais, incluindo coment\u00e1rios ofensivos, hostis e desrespeitosos;<\/p>\n<p>Acusa\u00e7\u00f5es injustificadas sobre outros usu\u00e1rios;<\/p>\n<p>Padr\u00f5es de comportamento que constituem ass\u00e9dio a um alvo, seja uma pessoa ou um grupo delas, como \u00e9 o caso de amea\u00e7as, perturba\u00e7\u00f5es repetitivas, contatos indesejados, ataques pessoais ou revela\u00e7\u00e3o de informa\u00e7\u00f5es pessoais de algum usu\u00e1rio sem sua permiss\u00e3o;<\/p>\n<p>Ofensas raciais, sexuais, homof\u00f3bicas, ate\u00edstas, religiosas, pol\u00edticas, \u00e9ticas ou outras refer\u00eancias similares contra algum membro da comunidade;<\/p>\n<p>Uso da filia\u00e7\u00e3o de algu\u00e9m como motivo para desacreditar ou depreciar a vis\u00e3o de uma pessoa (isso n\u00e3o inclui apontar um conflito de interesse relevante \u00e0 quest\u00e3o discutida).<\/p>\n<p>4. Ass\u00e9dio<\/p>\n<p>O ass\u00e9dio \u00e9 claramente um sinal de comportamento abusivo e ofensivo utilizado por pessoas que t\u00eam como prop\u00f3sito afetar, de qualquer modo, pessoa ou pessoas espec\u00edficas destas ofensas. Com esse tipo de postura inadequada, a pretens\u00e3o do assediador \u00e9 tornar os canais e meios de intera\u00e7\u00e3o com a Franzoi Ferramentas um espa\u00e7o desagrad\u00e1vel para seu ofendido, desencorajando a participa\u00e7\u00e3o ou a presen\u00e7a de determinada pessoa ou grupo de pessoas. Constituem exemplos de comportamento violadores da presente Pol\u00edtica de Cordialidade por ass\u00e9dio:<\/p>\n<p>Amea\u00e7as;<\/p>\n<p>Perturba\u00e7\u00f5es repetitivas;<\/p>\n<p>Contatos indesejados;<\/p>\n<p>Ataques pessoais;<\/p>\n<p>Revela\u00e7\u00e3o de informa\u00e7\u00f5es pessoais desprovidas de consentimento adequado.<\/p>\n<p>5. Discursos de \u00f3dio<\/p>\n<p>&nbsp;<\/p>\n<p>Absolutamente nenhuma pessoa est\u00e1 autorizada a postar conte\u00fado ou adotar tom que possa ser interpretado, ao observador comum, como uma forma de discurso de \u00f3dio, particularmente voltado \u00e0 ra\u00e7a, g\u00eanero, religi\u00e3o, nacionalidade, etnia, grupo pol\u00edtico, orienta\u00e7\u00e3o sexual ou outra caracter\u00edstica similar. Coment\u00e1rios e\/ou conte\u00fados que abordem esses temas de forma gen\u00e9rica devem ser redigidos de forma neutra e a mais respeitosa poss\u00edvel.<\/p>\n<p>6. Retalia\u00e7\u00f5es n\u00e3o ser\u00e3o permitidas<\/p>\n<p>&nbsp;<\/p>\n<p>Violar a Pol\u00edtica de Cordialidade em resposta \u00e0 agress\u00e3o de outra pessoa na condi\u00e7\u00e3o de agressor tampouco ser\u00e1 permitida.<\/p>\n<p>&nbsp;<\/p>\n<p>7. Abrang\u00eancia destas normas de condu\u00e7\u00e3o<\/p>\n<p>&nbsp;<\/p>\n<p>Nossa Pol\u00edtica de Cordialidade estende-se tamb\u00e9m a todos os demais canais de comunica\u00e7\u00e3o da Franzoi Ferramentas.<\/p>\n<p>&nbsp;<\/p>\n<p>8. Medidas e comunica\u00e7\u00f5es de comportamentos inadequados<\/p>\n<p>&nbsp;<\/p>\n<p>Muito embora nossa prefer\u00eancia seja ter todas as pessoas conosco, n\u00e3o ser\u00e3o tolerados comportamentos inadequados, como os descritos acima. Caso voc\u00ea n\u00e3o concorde com os termos antes descritos, ent\u00e3o pedimos que n\u00e3o acesse ou n\u00e3o continue a utilizar nosso website e demais canais e ambientes de relacionamento da Franzoi Ferramentas.<\/p>\n<p>&nbsp;<\/p>\n<p>Independente disso, coment\u00e1rios e\/ou conte\u00fados que violem a Pol\u00edtica de Cordialidade podem ser comunicados no nosso Canal de Comunica\u00e7\u00e3o do Usu\u00e1rio e, com isso, removidos sem aviso pr\u00e9vio, sendo que os usu\u00e1rios que insistirem em desrespeitar estes normas de condu\u00e7\u00e3o podem ser proibidos de fazer coment\u00e1rios ou sofrer bloqueio tempor\u00e1rio ou permanente nos nossos canais e ambientes de relacionamento.<\/p>\n<p>&nbsp;<\/p>\n<p>9. Canais de comunica\u00e7\u00e3o<\/p>\n<p>&nbsp;<\/p>\n<p>Nosso Canal de Comunica\u00e7\u00e3o do Usu\u00e1rio: servi\u00e7o de atendimento preparado para todas as demandas oriundas de voc\u00ea, nosso usu\u00e1rio, comportando solicita\u00e7\u00f5es, dificuldades, d\u00favidas, reclama\u00e7\u00f5es, sugest\u00f5es ou qualquer outra contribui\u00e7\u00e3o espec\u00edfica sobre nossos procedimentos que digam respeito \u00e0s normas previstas nesta Pol\u00edtica de Cordialidade. Dispon\u00edvel por meio do e-mail\u00a0<a href=\"mailto:lgpd@franzoi.com.br\">lgpd@franzoi.com.br<\/a>.<\/p>\n<p>&nbsp;<\/p>\n<p>Canal de Comunica\u00e7\u00e3o com o Encarregado da Prote\u00e7\u00e3o da Privacidade e dos Dados Pessoais: profissional respons\u00e1vel por zelar por todas as pol\u00edticas, processos e procedimentos referentes \u00e0 privacidade e dados pessoais de todos os titulares dentro do Brasil. Recomendamos o contato quando as demandas dirigidas ao Canal de Comunica\u00e7\u00e3o do Usu\u00e1rio sejam consideradas n\u00e3o satisfat\u00f3rias. Dispon\u00edvel por meio do e-mail\u00a0<a href=\"mailto:encarregado@actatechlaw.com.br\">encarregado@actatechlaw.com.br<\/a>.<\/p>\n<p>&nbsp;<\/p>\n<p>Canal de Comunica\u00e7\u00e3o com o Data Privacy Officer: profissional respons\u00e1vel por zelar por todas as pol\u00edticas, processos e procedimentos referentes \u00e0 privacidade e dados pessoais de todos os titulares fora do Brasil. Recomendamos o contato quando as demandas dirigidas ao Canal de Comunica\u00e7\u00e3o do Usu\u00e1rio sejam consideradas n\u00e3o satisfat\u00f3rias. Dispon\u00edvel por meio do e-mail\u00a0<a href=\"mailto:encarregado@actatechlaw.com.br\">encarregado@actatechlaw.com.br<\/a>.<\/p>\n<p>&nbsp;<\/p>\n<p>10. Demais documentos legais<\/p>\n<p>&nbsp;<\/p>\n<p>Para conhecimento completo de todas nossas normas de condu\u00e7\u00e3o, recomendamos a leitura da nossa Pol\u00edtica de Privacidade, do Termo de Uso do Website e da Pol\u00edtica de Cookies.<\/p>\n<p>&nbsp;<\/p>\n<p>FRANZOI FERRAMENTAS<\/p>","protected":false},"excerpt":{"rendered":"<p>Refer\u00eancias gerais e dados de contato LGPD Data da \u00faltima atualiza\u00e7\u00e3o: 13 de fevereiro de 2023 Canal de Comunica\u00e7\u00e3o do [&hellip;]<\/p>\n","protected":false},"author":1,"featured_media":0,"parent":0,"menu_order":0,"comment_status":"closed","ping_status":"closed","template":"","meta":{"site-sidebar-layout":"default","site-content-layout":"","ast-site-content-layout":"default","site-content-style":"default","site-sidebar-style":"default","ast-global-header-display":"","ast-banner-title-visibility":"","ast-main-header-display":"","ast-hfb-above-header-display":"","ast-hfb-below-header-display":"","ast-hfb-mobile-header-display":"","site-post-title":"","ast-breadcrumbs-content":"","ast-featured-img":"","footer-sml-layout":"","theme-transparent-header-meta":"default","adv-header-id-meta":"","stick-header-meta":"","header-above-stick-meta":"","header-main-stick-meta":"","header-below-stick-meta":"","astra-migrate-meta-layouts":"set","ast-page-background-enabled":"default","ast-page-background-meta":{"desktop":{"background-color":"var(--ast-global-color-4)","background-image":"","background-repeat":"repeat","background-position":"center center","background-size":"auto","background-attachment":"scroll","background-type":"","background-media":"","overlay-type":"","overlay-color":"","overlay-opacity":"","overlay-gradient":""},"tablet":{"background-color":"","background-image":"","background-repeat":"repeat","background-position":"center center","background-size":"auto","background-attachment":"scroll","background-type":"","background-media":"","overlay-type":"","overlay-color":"","overlay-opacity":"","overlay-gradient":""},"mobile":{"background-color":"","background-image":"","background-repeat":"repeat","background-position":"center center","background-size":"auto","background-attachment":"scroll","background-type":"","background-media":"","overlay-type":"","overlay-color":"","overlay-opacity":"","overlay-gradient":""}},"ast-content-background-meta":{"desktop":{"background-color":"var(--ast-global-color-5)","background-image":"","background-repeat":"repeat","background-position":"center center","background-size":"auto","background-attachment":"scroll","background-type":"","background-media":"","overlay-type":"","overlay-color":"","overlay-opacity":"","overlay-gradient":""},"tablet":{"background-color":"var(--ast-global-color-5)","background-image":"","background-repeat":"repeat","background-position":"center center","background-size":"auto","background-attachment":"scroll","background-type":"","background-media":"","overlay-type":"","overlay-color":"","overlay-opacity":"","overlay-gradient":""},"mobile":{"background-color":"var(--ast-global-color-5)","background-image":"","background-repeat":"repeat","background-position":"center center","background-size":"auto","background-attachment":"scroll","background-type":"","background-media":"","overlay-type":"","overlay-color":"","overlay-opacity":"","overlay-gradient":""}},"footnotes":""},"class_list":["post-3115","page","type-page","status-publish","hentry"],"yoast_head":"<!-- This site is optimized with the Yoast SEO Premium plugin v25.8 (Yoast SEO v25.8) - https:\/\/yoast.com\/wordpress\/plugins\/seo\/ -->\n<title>Pol\u00edtica de Cordialidade - Franzoi Ferramentas<\/title>\n<meta name=\"robots\" content=\"index, follow, max-snippet:-1, max-image-preview:large, max-video-preview:-1\" \/>\n<link rel=\"canonical\" href=\"https:\/\/www.franzoi.com.br\/es\/politica-de-cordialidade\/\" \/>\n<meta property=\"og:locale\" content=\"es_ES\" \/>\n<meta property=\"og:type\" content=\"article\" \/>\n<meta property=\"og:title\" content=\"Pol\u00edtica de Cordialidade\" \/>\n<meta property=\"og:description\" content=\"Refer\u00eancias gerais e dados de contato LGPD Data da \u00faltima atualiza\u00e7\u00e3o: 13 de fevereiro de 2023 Canal de Comunica\u00e7\u00e3o do [&hellip;]\" \/>\n<meta property=\"og:url\" content=\"https:\/\/www.franzoi.com.br\/es\/politica-de-cordialidade\/\" \/>\n<meta property=\"og:site_name\" content=\"Franzoi Ferramentas\" \/>\n<meta property=\"article:publisher\" content=\"https:\/\/www.facebook.com\/franzoiferramentas\" \/>\n<meta property=\"article:modified_time\" content=\"2024-11-08T15:18:20+00:00\" \/>\n<meta name=\"twitter:card\" content=\"summary_large_image\" \/>\n<meta name=\"twitter:label1\" content=\"Tiempo de lectura\" \/>\n\t<meta name=\"twitter:data1\" content=\"8 minutos\" \/>\n<script type=\"application\/ld+json\" class=\"yoast-schema-graph\">{\"@context\":\"https:\/\/schema.org\",\"@graph\":[{\"@type\":\"WebPage\",\"@id\":\"https:\/\/www.franzoi.com.br\/politica-de-cordialidade\/\",\"url\":\"https:\/\/www.franzoi.com.br\/politica-de-cordialidade\/\",\"name\":\"Pol\u00edtica de Cordialidade - Franzoi Ferramentas\",\"isPartOf\":{\"@id\":\"https:\/\/www.franzoi.com.br\/pt-br\/#website\"},\"datePublished\":\"2024-11-08T15:14:15+00:00\",\"dateModified\":\"2024-11-08T15:18:20+00:00\",\"breadcrumb\":{\"@id\":\"https:\/\/www.franzoi.com.br\/politica-de-cordialidade\/#breadcrumb\"},\"inLanguage\":\"es\",\"potentialAction\":[{\"@type\":\"ReadAction\",\"target\":[\"https:\/\/www.franzoi.com.br\/politica-de-cordialidade\/\"]}]},{\"@type\":\"BreadcrumbList\",\"@id\":\"https:\/\/www.franzoi.com.br\/politica-de-cordialidade\/#breadcrumb\",\"itemListElement\":[{\"@type\":\"ListItem\",\"position\":1,\"name\":\"In\u00edcio\",\"item\":\"https:\/\/www.franzoi.com.br\/\"},{\"@type\":\"ListItem\",\"position\":2,\"name\":\"Pol\u00edtica de Cordialidade\"}]},{\"@type\":\"WebSite\",\"@id\":\"https:\/\/www.franzoi.com.br\/pt-br\/#website\",\"url\":\"https:\/\/www.franzoi.com.br\/pt-br\/\",\"name\":\"Franzoi Ferramentas\",\"description\":\"Ind\u00fastria e Com\u00e9rcio\",\"publisher\":{\"@id\":\"https:\/\/www.franzoi.com.br\/pt-br\/#organization\"},\"potentialAction\":[{\"@type\":\"SearchAction\",\"target\":{\"@type\":\"EntryPoint\",\"urlTemplate\":\"https:\/\/www.franzoi.com.br\/pt-br\/?s={search_term_string}\"},\"query-input\":{\"@type\":\"PropertyValueSpecification\",\"valueRequired\":true,\"valueName\":\"search_term_string\"}}],\"inLanguage\":\"es\"},{\"@type\":\"Organization\",\"@id\":\"https:\/\/www.franzoi.com.br\/pt-br\/#organization\",\"name\":\"Franzoi Ferramentas\",\"url\":\"https:\/\/www.franzoi.com.br\/pt-br\/\",\"logo\":{\"@type\":\"ImageObject\",\"inLanguage\":\"es\",\"@id\":\"https:\/\/www.franzoi.com.br\/pt-br\/#\/schema\/logo\/image\/\",\"url\":\"https:\/\/www.franzoi.com.br\/wp-content\/uploads\/2024\/10\/grupo-2-at-2x-671a540a05653.webp\",\"contentUrl\":\"https:\/\/www.franzoi.com.br\/wp-content\/uploads\/2024\/10\/grupo-2-at-2x-671a540a05653.webp\",\"width\":316,\"height\":76,\"caption\":\"Franzoi Ferramentas\"},\"image\":{\"@id\":\"https:\/\/www.franzoi.com.br\/pt-br\/#\/schema\/logo\/image\/\"},\"sameAs\":[\"https:\/\/www.facebook.com\/franzoiferramentas\",\"https:\/\/www.instagram.com\/franzoiferramentas\/\",\"https:\/\/www.linkedin.com\/company\/franzoiferramentas\/\",\"https:\/\/www.youtube.com\/channel\/UCA_87Gy7jdI4WQZ-iFKMUtg\"]}]}<\/script>\n<!-- \/ Yoast SEO Premium plugin. -->","yoast_head_json":{"title":"Pol\u00edtica de Cordialidade - Franzoi Ferramentas","robots":{"index":"index","follow":"follow","max-snippet":"max-snippet:-1","max-image-preview":"max-image-preview:large","max-video-preview":"max-video-preview:-1"},"canonical":"https:\/\/www.franzoi.com.br\/es\/politica-de-cordialidade\/","og_locale":"es_ES","og_type":"article","og_title":"Pol\u00edtica de Cordialidade","og_description":"Refer\u00eancias gerais e dados de contato LGPD Data da \u00faltima atualiza\u00e7\u00e3o: 13 de fevereiro de 2023 Canal de Comunica\u00e7\u00e3o do [&hellip;]","og_url":"https:\/\/www.franzoi.com.br\/es\/politica-de-cordialidade\/","og_site_name":"Franzoi Ferramentas","article_publisher":"https:\/\/www.facebook.com\/franzoiferramentas","article_modified_time":"2024-11-08T15:18:20+00:00","twitter_card":"summary_large_image","twitter_misc":{"Tiempo de lectura":"8 minutos"},"schema":{"@context":"https:\/\/schema.org","@graph":[{"@type":"WebPage","@id":"https:\/\/www.franzoi.com.br\/politica-de-cordialidade\/","url":"https:\/\/www.franzoi.com.br\/politica-de-cordialidade\/","name":"Pol\u00edtica de Cordialidade - Franzoi Ferramentas","isPartOf":{"@id":"https:\/\/www.franzoi.com.br\/pt-br\/#website"},"datePublished":"2024-11-08T15:14:15+00:00","dateModified":"2024-11-08T15:18:20+00:00","breadcrumb":{"@id":"https:\/\/www.franzoi.com.br\/politica-de-cordialidade\/#breadcrumb"},"inLanguage":"es","potentialAction":[{"@type":"ReadAction","target":["https:\/\/www.franzoi.com.br\/politica-de-cordialidade\/"]}]},{"@type":"BreadcrumbList","@id":"https:\/\/www.franzoi.com.br\/politica-de-cordialidade\/#breadcrumb","itemListElement":[{"@type":"ListItem","position":1,"name":"In\u00edcio","item":"https:\/\/www.franzoi.com.br\/"},{"@type":"ListItem","position":2,"name":"Pol\u00edtica de Cordialidade"}]},{"@type":"WebSite","@id":"https:\/\/www.franzoi.com.br\/pt-br\/#website","url":"https:\/\/www.franzoi.com.br\/pt-br\/","name":"Franzoi Herramientas","description":"Ind\u00fastria e Com\u00e9rcio","publisher":{"@id":"https:\/\/www.franzoi.com.br\/pt-br\/#organization"},"potentialAction":[{"@type":"SearchAction","target":{"@type":"EntryPoint","urlTemplate":"https:\/\/www.franzoi.com.br\/pt-br\/?s={search_term_string}"},"query-input":{"@type":"PropertyValueSpecification","valueRequired":true,"valueName":"search_term_string"}}],"inLanguage":"es"},{"@type":"Organization","@id":"https:\/\/www.franzoi.com.br\/pt-br\/#organization","name":"Franzoi Herramientas","url":"https:\/\/www.franzoi.com.br\/pt-br\/","logo":{"@type":"ImageObject","inLanguage":"es","@id":"https:\/\/www.franzoi.com.br\/pt-br\/#\/schema\/logo\/image\/","url":"https:\/\/www.franzoi.com.br\/wp-content\/uploads\/2024\/10\/grupo-2-at-2x-671a540a05653.webp","contentUrl":"https:\/\/www.franzoi.com.br\/wp-content\/uploads\/2024\/10\/grupo-2-at-2x-671a540a05653.webp","width":316,"height":76,"caption":"Franzoi Ferramentas"},"image":{"@id":"https:\/\/www.franzoi.com.br\/pt-br\/#\/schema\/logo\/image\/"},"sameAs":["https:\/\/www.facebook.com\/franzoiferramentas","https:\/\/www.instagram.com\/franzoiferramentas\/","https:\/\/www.linkedin.com\/company\/franzoiferramentas\/","https:\/\/www.youtube.com\/channel\/UCA_87Gy7jdI4WQZ-iFKMUtg"]}]}},"_links":{"self":[{"href":"https:\/\/www.franzoi.com.br\/es\/wp-json\/wp\/v2\/pages\/3115","targetHints":{"allow":["GET"]}}],"collection":[{"href":"https:\/\/www.franzoi.com.br\/es\/wp-json\/wp\/v2\/pages"}],"about":[{"href":"https:\/\/www.franzoi.com.br\/es\/wp-json\/wp\/v2\/types\/page"}],"author":[{"embeddable":true,"href":"https:\/\/www.franzoi.com.br\/es\/wp-json\/wp\/v2\/users\/1"}],"replies":[{"embeddable":true,"href":"https:\/\/www.franzoi.com.br\/es\/wp-json\/wp\/v2\/comments?post=3115"}],"version-history":[{"count":2,"href":"https:\/\/www.franzoi.com.br\/es\/wp-json\/wp\/v2\/pages\/3115\/revisions"}],"predecessor-version":[{"id":3127,"href":"https:\/\/www.franzoi.com.br\/es\/wp-json\/wp\/v2\/pages\/3115\/revisions\/3127"}],"wp:attachment":[{"href":"https:\/\/www.franzoi.com.br\/es\/wp-json\/wp\/v2\/media?parent=3115"}],"curies":[{"name":"wp","href":"https:\/\/api.w.org\/{rel}","templated":true}]}}